{"id":19,"date":"2018-01-22T18:26:53","date_gmt":"2018-01-22T16:26:53","guid":{"rendered":"http:\/\/199.189.248.31\/~mirita\/?page_id=19"},"modified":"2025-05-29T20:25:08","modified_gmt":"2025-05-29T17:25:08","slug":"viestintapalvelut","status":"publish","type":"page","link":"https:\/\/www.mirita.fi\/index.php\/viestintapalvelut\/","title":{"rendered":"Viestint\u00e4palvelut"},"content":{"rendered":"\n<hr class=\"wp-block-separator has-alpha-channel-opacity\"\/>\n\n\n\n<div class=\"wp-block-cover\"><span aria-hidden=\"true\" class=\"wp-block-cover__background has-background-dim-10 has-background-dim\"><\/span><img decoding=\"async\" loading=\"lazy\" width=\"1024\" height=\"607\" class=\"wp-block-cover__image-background wp-image-2122\" alt=\"Juontaja ja moderaattori - viestint\u00e4 ja markkinointi\" src=\"https:\/\/www.mirita.fi\/wp-content\/uploads\/2022\/11\/Screenshot-2022-11-09-at-18.44.05-1024x607.png\" data-object-fit=\"cover\" srcset=\"https:\/\/www.mirita.fi\/wp-content\/uploads\/2022\/11\/Screenshot-2022-11-09-at-18.44.05-1024x607.png 1024w, https:\/\/www.mirita.fi\/wp-content\/uploads\/2022\/11\/Screenshot-2022-11-09-at-18.44.05-300x178.png 300w, https:\/\/www.mirita.fi\/wp-content\/uploads\/2022\/11\/Screenshot-2022-11-09-at-18.44.05-768x455.png 768w, https:\/\/www.mirita.fi\/wp-content\/uploads\/2022\/11\/Screenshot-2022-11-09-at-18.44.05-1536x911.png 1536w, https:\/\/www.mirita.fi\/wp-content\/uploads\/2022\/11\/Screenshot-2022-11-09-at-18.44.05-2048x1214.png 2048w, https:\/\/www.mirita.fi\/wp-content\/uploads\/2022\/11\/Screenshot-2022-11-09-at-18.44.05-1000x593.png 1000w, https:\/\/www.mirita.fi\/wp-content\/uploads\/2022\/11\/Screenshot-2022-11-09-at-18.44.05-230x136.png 230w, https:\/\/www.mirita.fi\/wp-content\/uploads\/2022\/11\/Screenshot-2022-11-09-at-18.44.05-350x208.png 350w, https:\/\/www.mirita.fi\/wp-content\/uploads\/2022\/11\/Screenshot-2022-11-09-at-18.44.05-480x285.png 480w\" sizes=\"(max-width: 1024px) 100vw, 1024px\" \/><div class=\"wp-block-cover__inner-container\">\n<p class=\"has-text-align-center has-large-font-size\">TERVETULOA MARKKINOINTIOSASTOLLE<\/p>\n<\/div><\/div>\n\n\n\n<div class=\"is-layout-flex wp-container-3 wp-block-columns\">\n<div class=\"is-layout-flow wp-block-column\">\n<h2>Vaikuttavaa viestint\u00e4\u00e4<\/h2>\n\n\n\n<p style=\"font-size:22px\">Etsitk\u00f6 vaikuttavuutta viestint\u00e4\u00e4n ja kasvua liiketoimintaan? Tuotan lis\u00e4arvoa yhteisty\u00f6ll\u00e4. Olen luova strategi ja sis\u00e4ll\u00f6ntuottaja pett\u00e4m\u00e4tt\u00f6m\u00e4ll\u00e4 pelisilm\u00e4ll\u00e4. Vahvistan br\u00e4ndien \u00e4\u00e4nt\u00e4. Luon suhteita ja varmistan, ett\u00e4 sidosryhmien kohtaamiset onnistuvat. Sis\u00e4lt\u00f6j\u00e4, jotka puhuttelevat &#8211; mitattavin tuloksin!<\/p>\n\n\n\n<div class=\"is-layout-flex wp-block-buttons\">\n<div class=\"wp-block-button has-custom-width wp-block-button__width-100 is-style-outline\"><a class=\"wp-block-button__link has-luminous-vivid-orange-color has-text-color wp-element-button\" href=\"https:\/\/www.mirita.fi\/index.php\/yhteystiedot\/\" style=\"border-radius:360px\">Ota yhteytt\u00e4<\/a><\/div>\n<\/div>\n<\/div>\n<\/div>\n\n\n\n<h2><strong>Juontaja<\/strong><\/h2>\n\n\n\n<figure class=\"wp-block-image size-large\"><img decoding=\"async\" loading=\"lazy\" width=\"1024\" height=\"724\" src=\"https:\/\/www.mirita.fi\/wp-content\/uploads\/2023\/10\/Mirita-Saxberg-ammattijuontaja-ja-moderaattori-1024x724.jpg\" alt=\"Edustan asiakkaitani hyv\u00e4ll\u00e4 tilannetajulla ja luontevalla tyylill\u00e4. Luon suhteita ja varmistan, ett\u00e4 sidosryhmien kohtaamiset onnistuvat.\n\nOlen energinen ammattijuontaja vuodesta 2006 ja asiantunteva moderaattori seminaareissa, paneelikeskusteluissa ja kansainv\u00e4lisiss\u00e4 konferensseissa. Voit luottaa, ett\u00e4 luotsaan mink\u00e4 tahansa tilaisuuden kaupallisista messuista firman virkistysp\u00e4iviin ja juhlaviin gaaloihin. Lue CV\n\nMonipuolinen esiintymiskokemus lavajuonnoista, livestriimeist\u00e4, TV- ja nettituotannosta, \u00e4\u00e4nity\u00f6skentelyst\u00e4, mainosmallin ty\u00f6st\u00e4, tapahtumatuotannosta, hosting-palveluista ja myynninedist\u00e4misest\u00e4.\" class=\"wp-image-3555\" srcset=\"https:\/\/www.mirita.fi\/wp-content\/uploads\/2023\/10\/Mirita-Saxberg-ammattijuontaja-ja-moderaattori-1024x724.jpg 1024w, https:\/\/www.mirita.fi\/wp-content\/uploads\/2023\/10\/Mirita-Saxberg-ammattijuontaja-ja-moderaattori-300x212.jpg 300w, https:\/\/www.mirita.fi\/wp-content\/uploads\/2023\/10\/Mirita-Saxberg-ammattijuontaja-ja-moderaattori-768x543.jpg 768w, https:\/\/www.mirita.fi\/wp-content\/uploads\/2023\/10\/Mirita-Saxberg-ammattijuontaja-ja-moderaattori-1536x1086.jpg 1536w, https:\/\/www.mirita.fi\/wp-content\/uploads\/2023\/10\/Mirita-Saxberg-ammattijuontaja-ja-moderaattori-1000x707.jpg 1000w, https:\/\/www.mirita.fi\/wp-content\/uploads\/2023\/10\/Mirita-Saxberg-ammattijuontaja-ja-moderaattori-230x163.jpg 230w, https:\/\/www.mirita.fi\/wp-content\/uploads\/2023\/10\/Mirita-Saxberg-ammattijuontaja-ja-moderaattori-350x247.jpg 350w, https:\/\/www.mirita.fi\/wp-content\/uploads\/2023\/10\/Mirita-Saxberg-ammattijuontaja-ja-moderaattori-480x339.jpg 480w, https:\/\/www.mirita.fi\/wp-content\/uploads\/2023\/10\/Mirita-Saxberg-ammattijuontaja-ja-moderaattori.jpg 2000w\" sizes=\"(max-width: 1024px) 100vw, 1024px\" \/><\/figure>\n\n\n\n<blockquote class=\"wp-block-quote\">\n<p class=\"has-medium-font-size\">Edustan asiakkaitani tilannetajulla ja aidolla tyylill\u00e4.  Olen energinen ammattijuontaja ja asiantunteva moderaattori seminaareissa, paneelikeskusteluissa ja kansainv\u00e4lisiss\u00e4 konferensseissa. Luotsaan tapahtumat kaupallisista messuista firman virkistysp\u00e4iviin ja juhlaviin gaalailtoihin.<\/p>\n\n\n\n<p class=\"has-medium-font-size\">Monipuolinen esiintymiskokemus lavajuonnoista, livestriimeist\u00e4, TV- ja nettituotannosta, \u00e4\u00e4nity\u00f6skentelyst\u00e4, mainosmallin ty\u00f6st\u00e4, tapahtumatuotannosta, hosting-palveluista ja myynninedist\u00e4misest\u00e4.<\/p>\n\n\n\n<p class=\"has-medium-font-size\">Soita 0505621225 tai kysy tarjous mirita(at)mirita.fi.<\/p>\n\n\n\n<p class=\"has-medium-font-size\"><em>FIN  EN  SWE<\/em><\/p>\n<cite>juontajapalvelut \u00b7 yhteiskuntasuhteet \u00b7 PR-toiminta \u00b7 hosting \u00b7 edustus<\/cite><\/blockquote>\n\n\n\n<h2><strong>Strateginen viestint\u00e4<\/strong><\/h2>\n\n\n\n<div class=\"wp-block-cover is-light has-large-font-size\"><span aria-hidden=\"true\" class=\"wp-block-cover__background has-background-dim\"><\/span><img decoding=\"async\" loading=\"lazy\" width=\"752\" height=\"414\" class=\"wp-block-cover__image-background wp-image-3869\" alt=\"\" src=\"https:\/\/www.mirita.fi\/wp-content\/uploads\/2025\/02\/Kehitysjohtaja-Mirita-Saxberg-Kreab-Helsinki.jpg\" data-object-fit=\"cover\" srcset=\"https:\/\/www.mirita.fi\/wp-content\/uploads\/2025\/02\/Kehitysjohtaja-Mirita-Saxberg-Kreab-Helsinki.jpg 752w, https:\/\/www.mirita.fi\/wp-content\/uploads\/2025\/02\/Kehitysjohtaja-Mirita-Saxberg-Kreab-Helsinki-300x165.jpg 300w, https:\/\/www.mirita.fi\/wp-content\/uploads\/2025\/02\/Kehitysjohtaja-Mirita-Saxberg-Kreab-Helsinki-230x127.jpg 230w, https:\/\/www.mirita.fi\/wp-content\/uploads\/2025\/02\/Kehitysjohtaja-Mirita-Saxberg-Kreab-Helsinki-350x193.jpg 350w, https:\/\/www.mirita.fi\/wp-content\/uploads\/2025\/02\/Kehitysjohtaja-Mirita-Saxberg-Kreab-Helsinki-480x264.jpg 480w\" sizes=\"(max-width: 752px) 100vw, 752px\" \/><div class=\"wp-block-cover__inner-container\">\n<p class=\"has-text-align-center has-white-color has-text-color has-x-large-font-size\">KREAB HELSINKI<\/p>\n\n\n\n<div class=\"is-layout-flex wp-block-buttons alignwide\">\n<div class=\"wp-block-button aligncenter has-custom-width wp-block-button__width-100 has-custom-font-size has-medium-font-size\"><a class=\"wp-block-button__link has-black-color has-white-background-color has-text-color has-background wp-element-button\" href=\"https:\/\/kreabhelsinki.fi\/palvelut\/\" style=\"border-radius:360px\">PALVELUT<\/a><\/div>\n<\/div>\n<\/div><\/div>\n\n\n\n<blockquote class=\"wp-block-quote\">\n<p>Olen osa <a href=\"https:\/\/kreabhelsinki.fi\">Kreab Helsinki\u00e4<\/a> vuodesta 2025 alkaen. Me autamme asiakkaitamme muuttamaan maailmaa luovan strategisen viestinn\u00e4n ja vaikuttajaviestinn\u00e4n keinoin. Parasta viestint\u00e4\u00e4 tehd\u00e4\u00e4n yhdess\u00e4!<\/p>\n<\/blockquote>\n\n\n\n<h2><strong>V<\/strong>almennukset<\/h2>\n\n\n\n<blockquote class=\"wp-block-quote\">\n<p class=\"has-medium-font-size\">Tuletko kuulluksi? J\u00e4nnitt\u00e4\u00e4k\u00f6 julkinen puhuminen? Pid\u00e4n luentoja, kursseja ja yksil\u00f6valmennusta &#8211; opettajan pedagogisella p\u00e4tevyydell\u00e4. Kehitet\u00e4\u00e4n yhdess\u00e4 ajatusjohtajuutta, myyntity\u00f6t\u00e4 ja arkiel\u00e4m\u00e4n esiintymistaitoja!<\/p>\n\n\n\n<p class=\"has-medium-font-size\"><a href=\"https:\/\/www.mirita.fi\/index.php\/yhteystiedot\/\">Pyyd\u00e4 tarjous<\/a><\/p>\n<cite>vuorovaikutustaidot \u00b7 puheviestint\u00e4 \u00b7 esiintymisj\u00e4nnitys<\/cite><\/blockquote>\n\n\n\n<figure class=\"wp-block-image size-large\"><img decoding=\"async\" loading=\"lazy\" width=\"856\" height=\"1024\" src=\"https:\/\/www.mirita.fi\/wp-content\/uploads\/2021\/05\/MiritaSaxbergTuolillaPienonEdessa\u03083-856x1024.jpg\" alt=\"Mirita Saxberg \" class=\"wp-image-1751\" srcset=\"https:\/\/www.mirita.fi\/wp-content\/uploads\/2021\/05\/MiritaSaxbergTuolillaPienonEdessa\u03083-856x1024.jpg 856w, https:\/\/www.mirita.fi\/wp-content\/uploads\/2021\/05\/MiritaSaxbergTuolillaPienonEdessa\u03083-251x300.jpg 251w, https:\/\/www.mirita.fi\/wp-content\/uploads\/2021\/05\/MiritaSaxbergTuolillaPienonEdessa\u03083-768x918.jpg 768w, https:\/\/www.mirita.fi\/wp-content\/uploads\/2021\/05\/MiritaSaxbergTuolillaPienonEdessa\u03083-830x992.jpg 830w, https:\/\/www.mirita.fi\/wp-content\/uploads\/2021\/05\/MiritaSaxbergTuolillaPienonEdessa\u03083-230x275.jpg 230w, https:\/\/www.mirita.fi\/wp-content\/uploads\/2021\/05\/MiritaSaxbergTuolillaPienonEdessa\u03083-350x419.jpg 350w, https:\/\/www.mirita.fi\/wp-content\/uploads\/2021\/05\/MiritaSaxbergTuolillaPienonEdessa\u03083-480x574.jpg 480w\" sizes=\"(max-width: 856px) 100vw, 856px\" \/><\/figure>\n\n\n\n<div class=\"is-layout-flex wp-container-6 wp-block-columns\">\n<div class=\"is-layout-flow wp-block-column\">\n<h2><strong>PR hostess and<\/strong> moderator<\/h2>\n\n\n\n<p class=\"has-medium-font-size\">I&#8217;m professional speaker and hostess since 2006. I&#8217;m here to add value to any product or service, with more than 20 years of experience. Passionate about good customer service and interaction. Fluent in English. <\/p>\n\n\n\n<p class=\"has-medium-font-size\">Additionally, I offer wide range of marketing communication services from copywriting and digimarketing to coaching in speech communications. I also produce commercials &amp; marketing material and provide translation services: Finnish, English and Swedish.<\/p>\n\n\n\n<p class=\"has-medium-font-size\">I have MSc in Public Administration and Intercultural Communication with MBA in International Business. PhD researcher in Business and Leadership. Located in Helsinki. <strong><a href=\"https:\/\/www.mirita.fi\/index.php\/yhteystiedot\/\">Contact me<\/a> for further information.<\/strong><\/p>\n<\/div>\n<\/div>\n\n\n\n<figure class=\"is-layout-flex wp-block-gallery-7 wp-block-gallery has-nested-images columns-3 is-cropped\">\n<figure class=\"wp-block-image size-large\"><img decoding=\"async\" loading=\"lazy\" width=\"683\" height=\"1024\" data-id=\"2120\"  src=\"https:\/\/www.mirita.fi\/wp-content\/uploads\/2022\/11\/Mirita-juonto_RitmeesterLive_2021_valokuvaaja_pyryantero-683x1024.jpg\" alt=\"Mirita Saxberg - lavajuontaja tapahtumissa\" class=\"wp-image-2120\" srcset=\"https:\/\/www.mirita.fi\/wp-content\/uploads\/2022\/11\/Mirita-juonto_RitmeesterLive_2021_valokuvaaja_pyryantero-683x1024.jpg 683w, https:\/\/www.mirita.fi\/wp-content\/uploads\/2022\/11\/Mirita-juonto_RitmeesterLive_2021_valokuvaaja_pyryantero-200x300.jpg 200w, https:\/\/www.mirita.fi\/wp-content\/uploads\/2022\/11\/Mirita-juonto_RitmeesterLive_2021_valokuvaaja_pyryantero-768x1152.jpg 768w, https:\/\/www.mirita.fi\/wp-content\/uploads\/2022\/11\/Mirita-juonto_RitmeesterLive_2021_valokuvaaja_pyryantero-1024x1536.jpg 1024w, https:\/\/www.mirita.fi\/wp-content\/uploads\/2022\/11\/Mirita-juonto_RitmeesterLive_2021_valokuvaaja_pyryantero-1000x1500.jpg 1000w, https:\/\/www.mirita.fi\/wp-content\/uploads\/2022\/11\/Mirita-juonto_RitmeesterLive_2021_valokuvaaja_pyryantero-230x345.jpg 230w, https:\/\/www.mirita.fi\/wp-content\/uploads\/2022\/11\/Mirita-juonto_RitmeesterLive_2021_valokuvaaja_pyryantero-350x525.jpg 350w, https:\/\/www.mirita.fi\/wp-content\/uploads\/2022\/11\/Mirita-juonto_RitmeesterLive_2021_valokuvaaja_pyryantero-480x720.jpg 480w, https:\/\/www.mirita.fi\/wp-content\/uploads\/2022\/11\/Mirita-juonto_RitmeesterLive_2021_valokuvaaja_pyryantero.jpg 1365w\" sizes=\"(max-width: 683px) 100vw, 683px\" \/><\/figure>\n\n\n\n<figure class=\"wp-block-image size-large\"><img decoding=\"async\" loading=\"lazy\" width=\"690\" height=\"1024\" data-id=\"2123\"  src=\"https:\/\/www.mirita.fi\/wp-content\/uploads\/2022\/11\/Screenshot-2022-11-09-at-19.05.30-690x1024.png\" alt=\"Mirita Saxberg - Monipuolinen kokemus livestriimeist\u00e4 sek\u00e4 TV-ja nettituotannoista\" class=\"wp-image-2123\" srcset=\"https:\/\/www.mirita.fi\/wp-content\/uploads\/2022\/11\/Screenshot-2022-11-09-at-19.05.30-690x1024.png 690w, https:\/\/www.mirita.fi\/wp-content\/uploads\/2022\/11\/Screenshot-2022-11-09-at-19.05.30-202x300.png 202w, https:\/\/www.mirita.fi\/wp-content\/uploads\/2022\/11\/Screenshot-2022-11-09-at-19.05.30-768x1140.png 768w, https:\/\/www.mirita.fi\/wp-content\/uploads\/2022\/11\/Screenshot-2022-11-09-at-19.05.30-1000x1484.png 1000w, https:\/\/www.mirita.fi\/wp-content\/uploads\/2022\/11\/Screenshot-2022-11-09-at-19.05.30-230x341.png 230w, https:\/\/www.mirita.fi\/wp-content\/uploads\/2022\/11\/Screenshot-2022-11-09-at-19.05.30-350x519.png 350w, https:\/\/www.mirita.fi\/wp-content\/uploads\/2022\/11\/Screenshot-2022-11-09-at-19.05.30-480x712.png 480w, https:\/\/www.mirita.fi\/wp-content\/uploads\/2022\/11\/Screenshot-2022-11-09-at-19.05.30.png 1004w\" sizes=\"(max-width: 690px) 100vw, 690px\" \/><\/figure>\n\n\n\n<figure class=\"wp-block-image size-large\"><img decoding=\"async\" loading=\"lazy\" width=\"837\" height=\"912\" data-id=\"3410\"  src=\"https:\/\/www.mirita.fi\/wp-content\/uploads\/2023\/10\/Screenshot-2022-11-09-at-18.05.36-edited-2.png\" alt=\"Mirita Saxberg - juontaa kaikki tilaisuudet kaupallisista messuista firman virkistysp\u00e4iviin ja gaaloihin\" class=\"wp-image-3410\" srcset=\"https:\/\/www.mirita.fi\/wp-content\/uploads\/2023\/10\/Screenshot-2022-11-09-at-18.05.36-edited-2.png 837w, https:\/\/www.mirita.fi\/wp-content\/uploads\/2023\/10\/Screenshot-2022-11-09-at-18.05.36-edited-2-275x300.png 275w, https:\/\/www.mirita.fi\/wp-content\/uploads\/2023\/10\/Screenshot-2022-11-09-at-18.05.36-edited-2-768x837.png 768w, https:\/\/www.mirita.fi\/wp-content\/uploads\/2023\/10\/Screenshot-2022-11-09-at-18.05.36-edited-2-230x251.png 230w, https:\/\/www.mirita.fi\/wp-content\/uploads\/2023\/10\/Screenshot-2022-11-09-at-18.05.36-edited-2-350x381.png 350w, https:\/\/www.mirita.fi\/wp-content\/uploads\/2023\/10\/Screenshot-2022-11-09-at-18.05.36-edited-2-480x523.png 480w\" sizes=\"(max-width: 837px) 100vw, 837px\" \/><\/figure>\n<\/figure>\n\n\n\n<h2>Miksi Mirita?<\/h2>\n\n\n\n<blockquote class=\"wp-block-quote\">\n<p class=\"has-medium-font-size\"><strong>Markkinoinnin ja viestinn\u00e4n osaamista yli 20 vuoden ammattitaidolla.<\/strong> Yhdist\u00e4n luovat ideat vahvaan bisnesosaamiseen. Sisukkaalla yritt\u00e4j\u00e4n asenteella johdan jokaisen toimeksiannon sovittuihin tavoitteisiin.<\/p>\n\n\n\n<p class=\"has-medium-font-size\">Tunnen eri toimialat ja julkisen p\u00e4\u00e4t\u00f6ksenteon mekanismit. Ymm\u00e4rr\u00e4n liiketoiminnan eri alojen erityispiirteit\u00e4 ja hahmotan kokonaisuudet helposti. Valmennan ja koulutan opettajan osaamisella. Saat k\u00e4ytt\u00f6\u00f6si laajat verkostot valtuustoista valtioneuvostoon ja tapahtumatuottajista toimitusjohtajiin.<\/p>\n\n\n\n<p class=\"has-medium-font-size\">Koulutuksen puolesta olen erikoistunut liiketoiminnan johtamiseen, kulttuurienv\u00e4liseen viestint\u00e4\u00e4n ja julkisjohtamiseen, sek\u00e4 valintamuotoiluun ja p\u00e4\u00e4t\u00f6ksenteon ilmi\u00f6ihin.<\/p>\n\n\n\n<p class=\"has-medium-font-size\">Parhaat palkinnot ty\u00f6st\u00e4ni: tuhansien \u00e4\u00e4nest\u00e4jien luottamus ja tyytyv\u00e4isten asiakkaiden kiitokset. Ansiomerkki yritt\u00e4jyyden hyv\u00e4ksi tehdyst\u00e4 ty\u00f6st\u00e4 ja kansainv\u00e4linen tunnustus digimarkkinoinnin kehitt\u00e4misest\u00e4.<\/p>\n<cite><a href=\"https:\/\/www.mirita.fi\/index.php\/mirita\/\">LUE CV<\/a>   <a href=\"https:\/\/www.mirita.fi\/index.php\/yhteystiedot\/\">YHTEYSTIEDOT<\/a><\/cite><\/blockquote>\n","protected":false},"excerpt":{"rendered":"<p>Vaikuttavaa viestint\u00e4\u00e4 Etsitk\u00f6 vaikuttavuutta viestint\u00e4\u00e4n ja kasvua liiketoimintaan? Tuotan lis\u00e4arvoa yhteisty\u00f6ll\u00e4. Olen luova strategi ja sis\u00e4ll\u00f6ntuottaja pett\u00e4m\u00e4tt\u00f6m\u00e4ll\u00e4 pelisilm\u00e4ll\u00e4. Vahvistan br\u00e4ndien \u00e4\u00e4nt\u00e4. Luon suhteita ja varmistan, ett\u00e4 sidosryhmien kohtaamiset onnistuvat. Sis\u00e4lt\u00f6j\u00e4, jotka puhuttelevat &#8211; mitattavin tuloksin! Juontaja Edustan asiakkaitani tilannetajulla ja aidolla tyylill\u00e4. Olen energinen ammattijuontaja ja asiantunteva moderaattori seminaareissa, paneelikeskusteluissa [&hellip;]<\/p>\n","protected":false},"author":1,"featured_media":3400,"parent":0,"menu_order":0,"comment_status":"closed","ping_status":"closed","template":"","meta":{"advgb_blocks_editor_width":"","advgb_blocks_columns_visual_guide":"","_mi_skip_tracking":false},"coauthors":[],"author_meta":{"author_link":"https:\/\/www.mirita.fi\/index.php\/author\/mirita\/","display_name":"Mirita Saxberg"},"relative_dates":{"created":"Posted 8 vuotta ago","modified":"Updated 11 kuukautta ago"},"absolute_dates":{"created":"Posted on 22.1.2018","modified":"Updated on 29.5.2025"},"absolute_dates_time":{"created":"Posted on 22.1.2018 18:26","modified":"Updated on 29.5.2025 20:25"},"featured_img_caption":"","featured_img":"https:\/\/www.mirita.fi\/wp-content\/uploads\/2023\/10\/SAXBERG-MIRITA-juontaja-small-edited.jpg","series_order":"","_links":{"self":[{"href":"https:\/\/www.mirita.fi\/index.php\/wp-json\/wp\/v2\/pages\/19"}],"collection":[{"href":"https:\/\/www.mirita.fi\/index.php\/wp-json\/wp\/v2\/pages"}],"about":[{"href":"https:\/\/www.mirita.fi\/index.php\/wp-json\/wp\/v2\/types\/page"}],"author":[{"embeddable":true,"href":"https:\/\/www.mirita.fi\/index.php\/wp-json\/wp\/v2\/users\/1"}],"replies":[{"embeddable":true,"href":"https:\/\/www.mirita.fi\/index.php\/wp-json\/wp\/v2\/comments?post=19"}],"version-history":[{"count":165,"href":"https:\/\/www.mirita.fi\/index.php\/wp-json\/wp\/v2\/pages\/19\/revisions"}],"predecessor-version":[{"id":4119,"href":"https:\/\/www.mirita.fi\/index.php\/wp-json\/wp\/v2\/pages\/19\/revisions\/4119"}],"wp:featuredmedia":[{"embeddable":true,"href":"https:\/\/www.mirita.fi\/index.php\/wp-json\/wp\/v2\/media\/3400"}],"wp:attachment":[{"href":"https:\/\/www.mirita.fi\/index.php\/wp-json\/wp\/v2\/media?parent=19"}],"curies":[{"name":"wp","href":"https:\/\/api.w.org\/{rel}","templated":true}]}}